{"id":461,"date":"2019-07-19T14:15:29","date_gmt":"2019-07-19T12:15:29","guid":{"rendered":"http:\/\/pol-ka.com.pl\/polityka-cookies\/"},"modified":"2019-07-19T14:22:54","modified_gmt":"2019-07-19T12:22:54","slug":"rodo-polityka-prywatnosci","status":"publish","type":"page","link":"https:\/\/pol-ka.com.pl\/?page_id=461","title":{"rendered":"RODO | Polityka prywatno\u015bci"},"content":{"rendered":"<p><strong>Informacja o przetwarzaniu Twoich danych<\/strong><\/p>\r\n<p>Szanowni Pa\u0144stwo. Informujemy, \u017ce przetwarzamy Pani\/Pana dane osobowe na podstawie ustawy z dnia 10 maja 2018 roku o ochronie danych osobowych, zgodnej z Rozporz\u0105dzeniem Parlamentu Europejskiego i Rady (UE) nr \u00a02016\/679 z dnia 27 kwietnia 2016 r. Szczeg\u00f3\u0142y tego dotycz\u0105ce znajdziesz poni\u017cej.\u00a0<\/p>\r\n<p>Administratorem Twoich danych osobowych, jest POL-KA Magdalena Grzywna (zwany dalej Administratorem). Z administratorem mo\u017cna si\u0119 skontaktowa\u0107 pisemnie pod adresem Franciszka Smuglewicza nr 8, 25-460 Kielce, drog\u0105 telefoniczn\u0105 pod numerem: 602 59 22 43 oraz drog\u0105 mailow\u0105, wysy\u0142aj\u0105c wiadomo\u015b\u0107 na adres: <a href=\"mailto:biuro@pol-ka.com.pl\">biuro@pol-ka.com.pl<\/a>.<\/p>\r\n<ul>\r\n\t<li>w celu wykonania\u00a0 umowy i \u017c\u0105da\u0144 przez jej zawarciem na podstawie Rozporz\u0105dzeniem Parlamentu Europejskiego i Rady (UE) nr 2016\/679 z dnia 27 kwietnia 2016 r. art. 6 punkt 1 liter. b i c oraz Kodeksu Cywilnego z dnia 23 kwietnia 1964 r. (Dz.U. Nr 16, poz. 93) z p\u00f3\u017an. zmianami.<\/li>\r\n\t<li>na podstawie wyra\u017cenia Twojej zgody dobrowolnie\u00a0na podstawie Rozporz\u0105dzeniem Parlamentu Europejskiego i Rady (UE) nr 2016\/679 z dnia 27 kwietnia 2016 r. art. 6 punkt 1 liter. a.<\/li>\r\n<\/ul>\r\n<p>Twoje dane osobowe udost\u0119pniamy tylko podmiotom na podstawie przepis\u00f3w prawa. Pani\/na dane b\u0119dziemy przechowywa\u0107 przez okres:<\/p>\r\n<ul>\r\n\t<li>w zwi\u0105zku z wykonywaniem umowy przez okres trwania umowy + 5 lat w celu wywi\u0105zania si\u0119 z obowi\u0105zk\u00f3w podatkowych i roszczeniowych;<\/li>\r\n\t<li>w zwi\u0105zku z dobrowolnym wyra\u017ceniem zgody przez okres 12 miesi\u0119cy lub do momentu wycofania zgody.<\/li>\r\n<\/ul>\r\n<p>Przys\u0142uguje Ci:<\/p>\r\n<ul>\r\n\t<li>prawo dost\u0119pu do swoich danych oraz otrzymania ich kopii.<\/li>\r\n\t<li>prawo do sprostowania (poprawiania) swoich danych.<\/li>\r\n\t<li>prawo do usuni\u0119cia po ustaniu celu przetwarzania, zgodnego z przepisami prawa.<\/li>\r\n\t<li>ograniczenia przetwarzania danych. Mo\u017cesz za\u017c\u0105da\u0107, aby\u015bmy ograniczyli przetwarzanie Twoich danych osobowych wy\u0142\u0105cznie do ich przechowywania lub wykonywania uzgodnionych z Tob\u0105 dzia\u0142a\u0144, je\u017celi Twoim zdaniem mamy nieprawid\u0142owe dane na Tw\u00f3j temat lub przetwarzamy je bezpodstawnie;<\/li>\r\n\t<li>prawo do wniesienia sprzeciwu wobec przetwarzania;<\/li>\r\n\t<li>prawo do przenoszenia danych;<\/li>\r\n\t<li>prawo do wniesienia skargi do organu nadzorczego. Je\u017celi uwa\u017casz, \u017ce przetwarzamy Twoje dane niezgodnie z prawem, mo\u017cesz z\u0142o\u017cy\u0107 w tej sprawie skarg\u0119 do Prezesa Urz\u0119du Ochrony Danych Osobowych lub innego w\u0142a\u015bciwego organu nadzorczego<\/li>\r\n<\/ul>\r\n<p>W przypadku dobrowolnego wyra\u017cenia zgody Pan\/i maj\u0105 prawo\u00a0 do cofni\u0119cia zgody w dowolnym momencie bez wp\u0142ywu na zgodno\u015b\u0107 z prawem przetwarzania, kt\u00f3rego dokonano na podstawie zgody przed jej cofni\u0119ciem; Podanie przez Ciebie danych jest:<\/p>\r\n<ul>\r\n\t<li>warunkiem realizacji umowy, a w przypadku braku podania braku podstaw jej realizacji.<\/li>\r\n\t<li>wywi\u0105zanie si\u0119 z obowi\u0105zku prawnego.<\/li>\r\n\t<li>dobrowolne.<\/li>\r\n<\/ul>\r\n<p>\u00a0 <strong>POLITYKA PRYWATNO\u015aCI<\/strong><\/p>\r\n<div class=\"content-middle\">\r\n<div id=\"c22634\" class=\"csc-default\">\r\n<p class=\"align-justify\">Informujemy Ci\u0119 r\u00f3wnie\u017c o tym, \u017ce na naszych stronach internetowych stosujemy pliki cookies. Korzystaj\u0105c z naszej strony internetowej bez zmiany ustawie\u0144 przegl\u0105darki wyra\u017casz zgod\u0119 na stosowanie plik\u00f3w cookies zgodnie z niniejsz\u0105 Polityk\u0105 Prywatno\u015bci.<\/p>\r\n<p class=\"align-justify\">W serwisie stosowane s\u0105 pliki \u201ecookies\u201d. Mo\u017cesz okre\u015bli\u0107 warunki przechowywania lub dost\u0119pu do Twoich danych zmieniaj\u0105c ustawienia \u201ecookies\u201d w swojej przegl\u0105darce. Niniejsza \u201ePolityka prywatno\u015bci\u201d s\u0142u\u017cy wyja\u015bnieniu tego, w jakim celu na stronie internetowej <b>\u00a0<\/b>u\u017cywane s\u0105 pliki \u201ecookies\u201d oraz w jaki spos\u00f3b u\u017cytkownik mo\u017ce okre\u015bli\u0107 warunki stosowania plik\u00f3w \u201ecookies\u201d. Przez korzystanie z tej strony wyra\u017casz zgod\u0119 na stosowanie plik\u00f3w \u201ecookies\u201d zgodnie z t\u0105 Polityk\u0105 prywatno\u015bci.<\/p>\r\n<h3 class=\"align-justify\">Czym s\u0105 pliki \u201ecookies\u201d?<\/h3>\r\n<p class=\"align-justify\">Pliki \u201ecookies\u201d to kr\u00f3tkie pliki tekstowe, kt\u00f3re s\u0105 przechowywane w przegl\u0105darce lub na dysku twardym komputera u\u017cytkownika strony internetowej, na kt\u00f3rej stosowane s\u0105 pliki \u201ecookies\u201d. W przypadku ponownej wizyty u\u017cytkownika na stronie internetowej pliki \u201ecookies\u201d pozwalaj\u0105 na rozpoznanie urz\u0105dzenia ko\u0144cowego u\u017cytkownika i dostosowanie strony internetowej do jego preferencji.<\/p>\r\n<h2 class=\"align-justify\">Jakie funkcje pe\u0142ni\u0105 pliki \u201ecookies\u201d?<\/h2>\r\n<p class=\"align-justify\">Pliki \u201ecookies\u201d pe\u0142ni\u0105 funkcje zapami\u0119tywania preferencji u\u017cytkownika i dostosowywania do nich zawarto\u015bci stron internetowych, umo\u017cliwiania przygotowania statystyk odwiedzin stron internetowych lub mo\u017cliwo\u015b\u0107 polecania u\u017cytkownikowi tre\u015bci, kt\u00f3re s\u0105 dla niego najbardziej odpowiednie.<\/p>\r\n<h2 class=\"align-justify\">W jakim celu stosujemy pliki \u201ecookies\u201d?<\/h2>\r\n<p class=\"align-justify\">Pliki \u201ecookies\u201d stosujemy na naszych stronach internetowych w nast\u0119puj\u0105cych celach:<\/p>\r\n<ol>\r\n\t<li><b>Konfiguracji serwisu<\/b>\u00a0&#8211; umo\u017cliwiaj\u0105 ustawienia funkcji i us\u0142ug w serwisie.<\/li>\r\n\t<li><b>Uwierzytelniania<\/b>\u00a0&#8211; umo\u017cliwiaj\u0105 informowanie gdy u\u017cytkownik jest zalogowany, dzi\u0119ki czemu witryna mo\u017ce pokazywa\u0107 odpowiednie informacje i funkcje.<\/li>\r\n\t<li><b>Analizy i badania zachowa\u0144 u\u017cytkownik\u00f3w<\/b>\u00a0&#8211; umo\u017cliwiaj\u0105 odczytanie preferencji u\u017cytkownik\u00f3w i poprzez ich analiz\u0119 ulepszanie i rozwijanie produkt\u00f3w i us\u0142ug. Zbieranie informacji odbywa si\u0119 anonimowo, bez identyfikowania danych osobowych poszczeg\u00f3lnych u\u017cytkownik\u00f3w.<\/li>\r\n<\/ol>\r\n<h2 class=\"align-justify\">Jakich plik\u00f3w \u201ecookies\u201d u\u017cywamy?<\/h2>\r\n<p class=\"align-justify\">Na naszej stronie internetowej stosujemy kilka rodzaj\u00f3w plik\u00f3w cookies, kt\u00f3re wyr\u00f3\u017cniamy ze wzgl\u0119du na nast\u0119puj\u0105ce kryteria:<\/p>\r\n<ol>\r\n\t<li><b>Ze wzgl\u0119du na czas przez jaki plik \u201ecookie\u201d jest umieszczony w urz\u0105dzeniu ko\u0144cowym u\u017cytkownika<\/b>\u00a0&#8211; stosujemy zar\u00f3wno pliki \u201ecookies\u201d umieszczone na czas sesji (czas korzystania z przegl\u0105darki), jak i pliki, kt\u00f3re nie s\u0105 kasowane po zamkni\u0119ciu przegl\u0105darki i pozostaj\u0105 w urz\u0105dzeniu u\u017cytkownika na okre\u015blony czas lub bez okresu wa\u017cno\u015bci.<\/li>\r\n\t<li><b>Ze wzgl\u0119du na pochodzenie wystawcy<\/b>\u00a0&#8211; stosujemy zar\u00f3wno w\u0142asne pliki \u201ecookies\u201d, jak i pliki \u201ecookies\u201d zewn\u0119trzne, pochodz\u0105ce od partner\u00f3w, z kt\u00f3rymi wsp\u00f3\u0142pracujemy.<\/li>\r\n\t<li><b>Ze wzgl\u0119du na ingerencj\u0119 w prywatno\u015b\u0107 u\u017cytkownika<\/b>\u00a0&#8211; najcz\u0119\u015bciej stosujemy pliki \u201ecookies\u201d potrzebne do umo\u017cliwienia dzia\u0142ania funkcjonalno\u015bci witryny, kt\u00f3rych stosowanie nie polega na \u015bledzeniu u\u017cytkownika. Dodatkowo wykorzystujemy tak\u017ce pliki \u201ecookies\u201c do \u015bledzenia zachowa\u0144 u\u017cytkownik\u00f3w, jednak nie zbieramy informacji pozwalaj\u0105cych zidentyfikowa\u0107 dane osobowe konkretnego u\u017cytkownika.<\/li>\r\n<\/ol>\r\n<h2 class=\"align-justify\">Czy u\u017cywamy plik\u00f3w \u201ecookies\u201d pochodz\u0105cych od podmiot\u00f3w trzecich?<\/h2>\r\n<p class=\"align-justify\">Tak, stosujemy zewn\u0119trzne pliki cookies, pochodz\u0105ce od podmiot\u00f3w, z kt\u00f3rymi wsp\u00f3\u0142pracujemy, takich jak Google, Facebook, oraz od innych podmiot\u00f3w realizuj\u0105cych dla nas kampanie reklamowe. Z uwagi na fakt, \u017ce spos\u00f3b dzia\u0142ania niekt\u00f3rych plik\u00f3w \u201ecookies \u201d pochodz\u0105cych od partner\u00f3w zewn\u0119trznych mo\u017ce by\u0107 inny, ni\u017c przedstawiony w niniejszej polityce, prosimy o zapoznanie si\u0119 z informacjami na temat tych plik\u00f3w \u201ecookies\u201d dost\u0119pnymi na stronach internetowych naszych partner\u00f3w:<\/p>\r\n<ul>\r\n\t<li>Google:\u00a0<a class=\"external-link-new-window\" title=\"https:\/\/www.google.pl\/intl\/pl\/policies\/technologies\/cookies\/\" href=\"https:\/\/www.google.pl\/intl\/pl\/policies\/technologies\/cookies\/\" target=\"https:\/\/www.google.pl\/intl\/pl\/policies\/technologies\/cookies\/\" rel=\"noopener noreferrer\">https:\/\/www.google.pl\/intl\/pl\/policies\/technologies\/cookies\/<\/a><\/li>\r\n\t<li>Facebook:\u00a0<a class=\"external-link-new-window\" title=\"https:\/\/pl-pl.facebook.com\/policies\/cookies\/\" href=\"https:\/\/pl-pl.facebook.com\/policies\/cookies\/\" target=\"https:\/\/pl-pl.facebook.com\/policies\/cookies\/\" rel=\"noopener noreferrer\">https:\/\/pl-pl.facebook.com\/policies\/cookies\/<\/a><\/li>\r\n<\/ul>\r\n<h2 class=\"align-justify\">Jak usun\u0105\u0107 lub zablokowa\u0107 pliki &#8222;cookies&#8221;?<\/h2>\r\n<p class=\"align-justify\">Domy\u015blne ustawienia przegl\u0105darki internetowej zazwyczaj pozwalaj\u0105 na umieszczanie plik\u00f3w &#8222;cookies&#8221; w urz\u0105dzeniu ko\u0144cowym u\u017cytkownika. Zgodnie z art. 173 ust. 2 ustawy Prawo telekomunikacyjne (Dz.U. 2017 poz. 1907) pozostawienie takich ustawie\u0144 przegl\u0105darki po otrzymaniu informacji na temat plik\u00f3w &#8222;cookies&#8221; stosowanych w witrynie jest r\u00f3wnoznaczne z wyra\u017ceniem zgody na stosowanie plik\u00f3w &#8222;cookies&#8221; w witrynach internetowych.<\/p>\r\n<p class=\"align-justify\">U\u017cytkownik mo\u017ce zmieni\u0107 domy\u015blne ustawienia przegl\u0105darki w celu unikni\u0119cia zamieszczenia plik\u00f3w &#8222;cookie&#8221; na jego urz\u0105dzeniu. Opis konfiguracji plik\u00f3w &#8222;cookie&#8221; dla poszczeg\u00f3lnych przegl\u0105darek:\u00a0<a class=\"external-link-new-window\" title=\"https:\/\/support.mozilla.org\/en-US\/kb\/cookies-information-websites-store-on-your-computer\" href=\"https:\/\/support.mozilla.org\/en-US\/kb\/cookies-information-websites-store-on-your-computer\" target=\"https:\/\/support.mozilla.org\/en-US\/kb\/cookies-information-websites-store-on-your-computer\" rel=\"noopener noreferrer\">Firefox<\/a>,\u00a0<a class=\"external-link-new-window\" title=\"https:\/\/support.google.com\/chrome\/answer\/95647?hl=en\" href=\"https:\/\/support.google.com\/chrome\/answer\/95647?hl=en\" target=\"https:\/\/support.google.com\/chrome\/answer\/95647?hl=en\" rel=\"noopener noreferrer\">Google Chrome<\/a>,\u00a0<a class=\"external-link-new-window\" title=\"https:\/\/support.microsoft.com\/pl-pl\/help\/196955\" href=\"https:\/\/support.microsoft.com\/pl-pl\/help\/196955\" target=\"https:\/\/support.microsoft.com\/pl-pl\/help\/196955\" rel=\"noopener noreferrer\">Internet Explorer<\/a>,\u00a0<a class=\"external-link-new-window\" title=\"https:\/\/privacy.microsoft.com\/en-us\/bing.mspx#EAB\" href=\"https:\/\/privacy.microsoft.com\/en-us\/bing.mspx#EAB\" target=\"https:\/\/privacy.microsoft.com\/en-us\/bing.mspx#EAB\" rel=\"noopener noreferrer\">Bing<\/a>,\u00a0<a class=\"external-link-new-window\" title=\"https:\/\/support.apple.com\/kb\/PH5042?locale=pl_PL\" href=\"https:\/\/support.apple.com\/kb\/PH5042?locale=pl_PL\" target=\"https:\/\/support.apple.com\/kb\/PH5042?locale=pl_PL\" rel=\"noopener noreferrer\">Safari<\/a>.<\/p>\r\n<p class=\"align-justify\">Nale\u017cy jednak pami\u0119ta\u0107, \u017ce usuni\u0119cie lub blokada plik\u00f3w &#8222;cookies&#8221; mo\u017ce wi\u0105za\u0107 si\u0119 z tym, \u017ce niekt\u00f3re sekcje naszych stron internetowych nie b\u0119d\u0105 funkcjonowa\u0142y poprawnie.<\/p>\r\n<h2 class=\"align-justify\">Gromadzenie innych danych<\/h2>\r\n<p class=\"align-justify\">Na naszych serwerach przechowujemy tak\u017ce inne dane ni\u017c te, kt\u00f3re pozyskujemy z wykorzystaniem plik\u00f3w &#8222;cookies&#8221;. Te dane to przede wszystkim adresy IP, czas nadej\u015bcia zapytania do naszego serwera, informacje o typie i wersji systemu operacyjnego oraz przegl\u0105darki. Ponadto, je\u015bli u\u017cytkownik zostaje przekierowany na stron\u0119 internetow\u0105 naszego serwisu z innej strony internetowej, to zbieramy informacj\u0119 o adresie URL, z kt\u00f3rego nast\u0105pi\u0142o przekierowanie.<\/p>\r\n<h2 class=\"align-justify\">Wykorzystywanie danych<\/h2>\r\n<p class=\"align-justify\">Zebrane dane przechowujemy przede wszystkim w celu zapewnienia mo\u017cliwie najwy\u017cszej jako\u015bci administrowania serwisem. Ponadto s\u0142u\u017c\u0105 nam one do sporz\u0105dzania statystyk dotycz\u0105cych sposobu korzystania przez u\u017cytkownik\u00f3w z naszego serwisu. Dane gromadzone przy u\u017cyciu plik\u00f3w \u201ecookies\u201d nie s\u0105 ujawniane osobom trzecim, za wyj\u0105tkiem upowa\u017cnionych przepisami prawa organ\u00f3w w\u0142adzy publicznej.<\/p>\r\n<\/div>\r\n<\/div>\r\n<p><\/p>\r\n<h2 class=\"wp-block-heading\">\u00a0<\/h2>","protected":false},"excerpt":{"rendered":"<p>Informacja o przetwarzaniu Twoich danych Szanowni Pa\u0144stwo. Informujemy, \u017ce przetwarzamy Pani\/Pana dane osobowe na podstawie ustawy z dnia 10 maja 2018 roku o ochronie danych osobowych,<span class=\"excerpt-hellip\"> [\u2026]<\/span><\/p>\n","protected":false},"author":1,"featured_media":0,"parent":0,"menu_order":0,"comment_status":"closed","ping_status":"closed","template":"","meta":{"footnotes":""},"yoast_head":"<!-- This site is optimized with the Yoast SEO plugin v15.9.2 - https:\/\/yoast.com\/wordpress\/plugins\/seo\/ -->\n<title>RODO | Polityka prywatno\u015bci | Pol-Ka<\/title>\n<link rel=\"canonical\" href=\"https:\/\/pol-ka.com.pl\/?page_id=461\" \/>\n<meta property=\"og:locale\" content=\"pl_PL\" \/>\n<meta property=\"og:type\" content=\"article\" \/>\n<meta property=\"og:title\" content=\"RODO | Polityka prywatno\u015bci | Pol-Ka\" \/>\n<meta property=\"og:description\" content=\"Informacja o przetwarzaniu Twoich danych Szanowni Pa\u0144stwo. Informujemy, \u017ce przetwarzamy Pani\/Pana dane osobowe na podstawie ustawy z dnia 10 maja 2018 roku o ochronie danych osobowych, [\u2026]\" \/>\n<meta property=\"og:url\" content=\"https:\/\/pol-ka.com.pl\/?page_id=461\" \/>\n<meta property=\"og:site_name\" content=\"Pol-Ka\" \/>\n<meta property=\"article:modified_time\" content=\"2019-07-19T12:22:54+00:00\" \/>\n<meta name=\"twitter:card\" content=\"summary\" \/>\n<meta name=\"twitter:label1\" content=\"Est. reading time\">\n\t<meta name=\"twitter:data1\" content=\"6 minut\">\n<script type=\"application\/ld+json\" class=\"yoast-schema-graph\">{\"@context\":\"https:\/\/schema.org\",\"@graph\":[{\"@type\":\"WebSite\",\"@id\":\"https:\/\/pol-ka.com.pl\/#website\",\"url\":\"https:\/\/pol-ka.com.pl\/\",\"name\":\"Pol-Ka\",\"description\":\"Najlepsze Narz\\u0119dzia Kute\",\"potentialAction\":[{\"@type\":\"SearchAction\",\"target\":\"https:\/\/pol-ka.com.pl\/?s={search_term_string}\",\"query-input\":\"required name=search_term_string\"}],\"inLanguage\":\"pl-PL\"},{\"@type\":\"WebPage\",\"@id\":\"https:\/\/pol-ka.com.pl\/?page_id=461#webpage\",\"url\":\"https:\/\/pol-ka.com.pl\/?page_id=461\",\"name\":\"RODO | Polityka prywatno\\u015bci | Pol-Ka\",\"isPartOf\":{\"@id\":\"https:\/\/pol-ka.com.pl\/#website\"},\"datePublished\":\"2019-07-19T12:15:29+00:00\",\"dateModified\":\"2019-07-19T12:22:54+00:00\",\"breadcrumb\":{\"@id\":\"https:\/\/pol-ka.com.pl\/?page_id=461#breadcrumb\"},\"inLanguage\":\"pl-PL\",\"potentialAction\":[{\"@type\":\"ReadAction\",\"target\":[\"https:\/\/pol-ka.com.pl\/?page_id=461\"]}]},{\"@type\":\"BreadcrumbList\",\"@id\":\"https:\/\/pol-ka.com.pl\/?page_id=461#breadcrumb\",\"itemListElement\":[{\"@type\":\"ListItem\",\"position\":1,\"item\":{\"@type\":\"WebPage\",\"@id\":\"https:\/\/pol-ka.com.pl\/\",\"url\":\"https:\/\/pol-ka.com.pl\/\",\"name\":\"Strona g\\u0142\\u00f3wna\"}},{\"@type\":\"ListItem\",\"position\":2,\"item\":{\"@type\":\"WebPage\",\"@id\":\"https:\/\/pol-ka.com.pl\/?page_id=461\",\"url\":\"https:\/\/pol-ka.com.pl\/?page_id=461\",\"name\":\"RODO | Polityka prywatno\\u015bci\"}}]}]}<\/script>\n<!-- \/ Yoast SEO plugin. -->","_links":{"self":[{"href":"https:\/\/pol-ka.com.pl\/index.php?rest_route=\/wp\/v2\/pages\/461"}],"collection":[{"href":"https:\/\/pol-ka.com.pl\/index.php?rest_route=\/wp\/v2\/pages"}],"about":[{"href":"https:\/\/pol-ka.com.pl\/index.php?rest_route=\/wp\/v2\/types\/page"}],"author":[{"embeddable":true,"href":"https:\/\/pol-ka.com.pl\/index.php?rest_route=\/wp\/v2\/users\/1"}],"replies":[{"embeddable":true,"href":"https:\/\/pol-ka.com.pl\/index.php?rest_route=%2Fwp%2Fv2%2Fcomments&post=461"}],"version-history":[{"count":1,"href":"https:\/\/pol-ka.com.pl\/index.php?rest_route=\/wp\/v2\/pages\/461\/revisions"}],"predecessor-version":[{"id":462,"href":"https:\/\/pol-ka.com.pl\/index.php?rest_route=\/wp\/v2\/pages\/461\/revisions\/462"}],"wp:attachment":[{"href":"https:\/\/pol-ka.com.pl\/index.php?rest_route=%2Fwp%2Fv2%2Fmedia&parent=461"}],"curies":[{"name":"wp","href":"https:\/\/api.w.org\/{rel}","templated":true}]}}